{"id":202,"date":"2017-09-28T10:28:23","date_gmt":"2017-09-28T08:28:23","guid":{"rendered":"http:\/\/www.engel-tofu.ch\/fr\/?page_id=202"},"modified":"2023-12-19T18:48:10","modified_gmt":"2023-12-19T17:48:10","slug":"news","status":"publish","type":"page","link":"https:\/\/www.engel-tofu.ch\/fr\/","title":{"rendered":"News"},"content":{"rendered":"<article class=\"post-815 post type-post status-publish format-standard has-post-thumbnail hentry category-news\">\n  <header>\n    <h2 class=\"entry-title\"><a href=\"https:\/\/www.engel-tofu.ch\/fr\/emballage-temporairement-different-pour-les-portions-de-tofu-nature\/\">Emballage temporairement diff\u00e9rent pour les portions de tofu nature<\/a><\/h2>\n  <\/header>\n  <div class=\"entry-summary\">\n        <div class=\"post-image\">\n        <img loading=\"lazy\" decoding=\"async\" width=\"1333\" height=\"2000\" src=\"https:\/\/www.engel-tofu.ch\/fr\/wp-content\/uploads\/sites\/2\/2017\/09\/Engel_Tofu_Nature.jpg\" class=\"attachment-full size-full\" alt=\"\" srcset=\"https:\/\/www.engel-tofu.ch\/fr\/wp-content\/uploads\/sites\/2\/2017\/09\/Engel_Tofu_Nature.jpg 1333w, https:\/\/www.engel-tofu.ch\/fr\/wp-content\/uploads\/sites\/2\/2017\/09\/Engel_Tofu_Nature-200x300.jpg 200w, https:\/\/www.engel-tofu.ch\/fr\/wp-content\/uploads\/sites\/2\/2017\/09\/Engel_Tofu_Nature-768x1152.jpg 768w, https:\/\/www.engel-tofu.ch\/fr\/wp-content\/uploads\/sites\/2\/2017\/09\/Engel_Tofu_Nature-682x1024.jpg 682w\" sizes=\"auto, (max-width: 1333px) 100vw, 1333px\" \/>\n    <\/div>\n    <div class=\"post-excerpt\">\n      <p>En raison de difficult\u00e9s d&rsquo;approvisionnement actuelles, nos portions de tofu nature sont temporairement conditionn\u00e9es dans un nouvel emballage. Pas d&rsquo;inqui\u00e9tude : le go\u00fbt et la qualit\u00e9 restent exactement les m\u00eames.<\/p>\n    <\/div>\n\t    <\/div>\n<\/article>\n<article class=\"post-710 post type-post status-publish format-standard has-post-thumbnail hentry category-news\">\n  <header>\n    <h2 class=\"entry-title\"><a href=\"https:\/\/www.engel-tofu.ch\/fr\/information-importante-facturation-au-poids-a-partir-de-juillet-2025\/\">Information importante : Facturation au poids \u00e0 partir de juillet 2025<\/a><\/h2>\n  <\/header>\n  <div class=\"entry-summary\">\n        <div class=\"post-image\">\n        <img loading=\"lazy\" decoding=\"async\" width=\"1500\" height=\"1000\" src=\"https:\/\/www.engel-tofu.ch\/fr\/wp-content\/uploads\/sites\/2\/2020\/03\/Engel_RepNature.jpg\" class=\"attachment-full size-full\" alt=\"\" srcset=\"https:\/\/www.engel-tofu.ch\/fr\/wp-content\/uploads\/sites\/2\/2020\/03\/Engel_RepNature.jpg 1500w, https:\/\/www.engel-tofu.ch\/fr\/wp-content\/uploads\/sites\/2\/2020\/03\/Engel_RepNature-300x200.jpg 300w, https:\/\/www.engel-tofu.ch\/fr\/wp-content\/uploads\/sites\/2\/2020\/03\/Engel_RepNature-768x512.jpg 768w, https:\/\/www.engel-tofu.ch\/fr\/wp-content\/uploads\/sites\/2\/2020\/03\/Engel_RepNature-1024x683.jpg 1024w\" sizes=\"auto, (max-width: 1500px) 100vw, 1500px\" \/>\n    <\/div>\n    <div class=\"post-excerpt\">\n      <p>Ch\u00e8res clientes, chers clients &nbsp; A partir de juillet 2025, les produits suivants de notre assortiment seront d\u00e9sormais factur\u00e9s et vendus au poids pour tous nos clients. &nbsp; \u25cf Tofu nature portion env. 200g \u25cf Tofu marin\u00e9 portion env. 170g \u25cf Tofu fum\u00e9 portion env. 140g \u25cf B\u00e2tonnets de tofu portion env. 150g \u25cf Brochettes &hellip; <a href=\"https:\/\/www.engel-tofu.ch\/fr\/information-importante-facturation-au-poids-a-partir-de-juillet-2025\/\" class=\"continued\">Suite<\/a><\/p>\n    <\/div>\n\t    <\/div>\n<\/article>\n<article class=\"post-673 post type-post status-publish format-standard has-post-thumbnail hentry category-news\">\n  <header>\n    <h2 class=\"entry-title\"><a href=\"https:\/\/www.engel-tofu.ch\/fr\/grandeurs-gastronomiques-pour-particuliers\/\">Grandeurs gastronomiques pour personne priv\u00e9e<\/a><\/h2>\n  <\/header>\n  <div class=\"entry-summary\">\n        <div class=\"post-image\">\n        <img loading=\"lazy\" decoding=\"async\" width=\"2160\" height=\"1421\" src=\"https:\/\/www.engel-tofu.ch\/fr\/wp-content\/uploads\/sites\/2\/2024\/06\/Engel_Stimmung_Nature.jpg\" class=\"attachment-full size-full\" alt=\"\" srcset=\"https:\/\/www.engel-tofu.ch\/fr\/wp-content\/uploads\/sites\/2\/2024\/06\/Engel_Stimmung_Nature.jpg 2160w, https:\/\/www.engel-tofu.ch\/fr\/wp-content\/uploads\/sites\/2\/2024\/06\/Engel_Stimmung_Nature-300x197.jpg 300w, https:\/\/www.engel-tofu.ch\/fr\/wp-content\/uploads\/sites\/2\/2024\/06\/Engel_Stimmung_Nature-1024x674.jpg 1024w, https:\/\/www.engel-tofu.ch\/fr\/wp-content\/uploads\/sites\/2\/2024\/06\/Engel_Stimmung_Nature-768x505.jpg 768w, https:\/\/www.engel-tofu.ch\/fr\/wp-content\/uploads\/sites\/2\/2024\/06\/Engel_Stimmung_Nature-1536x1010.jpg 1536w, https:\/\/www.engel-tofu.ch\/fr\/wp-content\/uploads\/sites\/2\/2024\/06\/Engel_Stimmung_Nature-2048x1347.jpg 2048w\" sizes=\"auto, (max-width: 2160px) 100vw, 2160px\" \/>\n    <\/div>\n    <div class=\"post-excerpt\">\n      <p>D\u00e8s maintenant, vous pouvez commander en tant que personne priv\u00e9e notre tofu \u00ab\u00a0nature\u00a0\u00bb, notre tofu fum\u00e9, notre okara ainsi que notre seitan (bl\u00e9 et \u00e9peautre) en grandeur gastronomique. &nbsp; &nbsp; Utilisez pour cela le formulaire de commande correspondant pour les personne priv\u00e9e et faites-vous livrer les produits de votre choix \u00e0 domicile, en toute simplicit\u00e9.<\/p>\n    <\/div>\n\t    <\/div>\n<\/article>\n<article class=\"post-539 post type-post status-publish format-standard has-post-thumbnail hentry category-news\">\n  <header>\n    <h2 class=\"entry-title\"><a href=\"https:\/\/www.engel-tofu.ch\/fr\/notre-tofu-nature-est-le-vainqueur-du-test-kassensturz\/\">Notre tofu nature est le vainqueur du test \u00ab\u00a0Kassensturz\u00a0\u00bb<\/a><\/h2>\n  <\/header>\n  <div class=\"entry-summary\">\n        <div class=\"post-image\">\n        <img loading=\"lazy\" decoding=\"async\" width=\"960\" height=\"540\" src=\"https:\/\/www.engel-tofu.ch\/fr\/wp-content\/uploads\/sites\/2\/2023\/08\/Kassensturz-srf-tofu.png\" class=\"attachment-full size-full\" alt=\"\" srcset=\"https:\/\/www.engel-tofu.ch\/fr\/wp-content\/uploads\/sites\/2\/2023\/08\/Kassensturz-srf-tofu.png 960w, https:\/\/www.engel-tofu.ch\/fr\/wp-content\/uploads\/sites\/2\/2023\/08\/Kassensturz-srf-tofu-300x169.png 300w, https:\/\/www.engel-tofu.ch\/fr\/wp-content\/uploads\/sites\/2\/2023\/08\/Kassensturz-srf-tofu-768x432.png 768w\" sizes=\"auto, (max-width: 960px) 100vw, 960px\" \/>\n    <\/div>\n    <div class=\"post-excerpt\">\n      <p>Le magazine \u00ab\u00a0Kassensturz\u00a0\u00bb de la SRF a fait d\u00e9guster et \u00e9valuer par un jury d&rsquo;experts douze tofu nature vendus en grande distribution et dans des magasins bio. Notre tofu a obtenu la meilleure note globale. Nous sommes tr\u00e8s heureux de ce r\u00e9sultat ! &nbsp; L&rsquo;article peut \u00eatre lu et regard\u00e9 en cliquant sur le lien &hellip; <a href=\"https:\/\/www.engel-tofu.ch\/fr\/notre-tofu-nature-est-le-vainqueur-du-test-kassensturz\/\" class=\"continued\">Suite<\/a><\/p>\n    <\/div>\n\t    <\/div>\n<\/article>\n<article class=\"post-515 post type-post status-publish format-standard has-post-thumbnail hentry category-news\">\n  <header>\n    <h2 class=\"entry-title\"><a href=\"https:\/\/www.engel-tofu.ch\/fr\/40-ans-de-tofu-artisanal\/\">40 ans de tofu artisanal<\/a><\/h2>\n  <\/header>\n  <div class=\"entry-summary\">\n        <div class=\"post-image\">\n        <img loading=\"lazy\" decoding=\"async\" width=\"1024\" height=\"697\" src=\"https:\/\/www.engel-tofu.ch\/fr\/wp-content\/uploads\/sites\/2\/2022\/08\/Engel-Tofu-Histoire-Team-1024x697-1.jpg\" class=\"attachment-full size-full\" alt=\"\" srcset=\"https:\/\/www.engel-tofu.ch\/fr\/wp-content\/uploads\/sites\/2\/2022\/08\/Engel-Tofu-Histoire-Team-1024x697-1.jpg 1024w, https:\/\/www.engel-tofu.ch\/fr\/wp-content\/uploads\/sites\/2\/2022\/08\/Engel-Tofu-Histoire-Team-1024x697-1-300x204.jpg 300w, https:\/\/www.engel-tofu.ch\/fr\/wp-content\/uploads\/sites\/2\/2022\/08\/Engel-Tofu-Histoire-Team-1024x697-1-768x523.jpg 768w\" sizes=\"auto, (max-width: 1024px) 100vw, 1024px\" \/>\n    <\/div>\n    <div class=\"post-excerpt\">\n      <p>C&rsquo;est au d\u00e9but des ann\u00e9es 1980 que cinq jeunes gens de Z\u00fcrich, Zoug et Lucerne se r\u00e9unirent pour discuter d\u2019un projet de production professionnelle de tofu. En Septembre 1981, ils fond\u00e8rent la soci\u00e9t\u00e9 \u00ab\u00a0Sojalade\u00a0\u00bb et commenc\u00e8rent \u00e0 produire du tofu dans la buanderie d\u2019un immeuble condamn\u00e9 \u00e0 la d\u00e9molition. Environ une ann\u00e9e plus tard, la &hellip; <a href=\"https:\/\/www.engel-tofu.ch\/fr\/40-ans-de-tofu-artisanal\/\" class=\"continued\">Suite<\/a><\/p>\n    <\/div>\n\t    <\/div>\n<\/article>\n<article class=\"post-469 post type-post status-publish format-standard has-post-thumbnail hentry category-news\">\n  <header>\n    <h2 class=\"entry-title\"><a href=\"https:\/\/www.engel-tofu.ch\/fr\/le-bourgeon-bio-gourmet-2020-pour-notre-tofu-fume\/\">Le Bourgeon Bio Gourmet 2020 pour notre tofu fum\u00e9<\/a><\/h2>\n  <\/header>\n  <div class=\"entry-summary\">\n        <div class=\"post-image\">\n        <img loading=\"lazy\" decoding=\"async\" width=\"1000\" height=\"667\" src=\"https:\/\/www.engel-tofu.ch\/fr\/wp-content\/uploads\/sites\/2\/2021\/01\/Engel-Tofu_Raucher.jpg\" class=\"attachment-full size-full\" alt=\"\" srcset=\"https:\/\/www.engel-tofu.ch\/fr\/wp-content\/uploads\/sites\/2\/2021\/01\/Engel-Tofu_Raucher.jpg 1000w, https:\/\/www.engel-tofu.ch\/fr\/wp-content\/uploads\/sites\/2\/2021\/01\/Engel-Tofu_Raucher-300x200.jpg 300w, https:\/\/www.engel-tofu.ch\/fr\/wp-content\/uploads\/sites\/2\/2021\/01\/Engel-Tofu_Raucher-768x512.jpg 768w\" sizes=\"auto, (max-width: 1000px) 100vw, 1000px\" \/>\n    <\/div>\n    <div class=\"post-excerpt\">\n      <p>Nous nous r\u00e9jouissons d&rsquo;annoncer que notre tofu fum\u00e9 a re\u00e7u la distinction Bourgeon Bio Gourmet 2020. Un jury sous la direction de Patrick Zbinden, expert en analyse sensorielle, a jug\u00e9 les produits soumis par les producteurs selon leur apparence, ar\u00f4me, go\u00fbt, texture, harmonie et finale. Pour notre plus grande fiert\u00e9, le tofu fum\u00e9 Engel a &hellip; <a href=\"https:\/\/www.engel-tofu.ch\/fr\/le-bourgeon-bio-gourmet-2020-pour-notre-tofu-fume\/\" class=\"continued\">Suite<\/a><\/p>\n    <\/div>\n\t    <\/div>\n<\/article>\n<article class=\"post-431 post type-post status-publish format-standard has-post-thumbnail hentry category-news\">\n  <header>\n    <h2 class=\"entry-title\"><a href=\"https:\/\/www.engel-tofu.ch\/fr\/nouveau-okara\/\">Okara<\/a><\/h2>\n  <\/header>\n  <div class=\"entry-summary\">\n        <div class=\"post-image\">\n        <img loading=\"lazy\" decoding=\"async\" width=\"2560\" height=\"1707\" src=\"https:\/\/www.engel-tofu.ch\/fr\/wp-content\/uploads\/sites\/2\/2020\/08\/Engel-Tofu_Okara-scaled.jpg\" class=\"attachment-full size-full\" alt=\"\" srcset=\"https:\/\/www.engel-tofu.ch\/fr\/wp-content\/uploads\/sites\/2\/2020\/08\/Engel-Tofu_Okara-scaled.jpg 2560w, https:\/\/www.engel-tofu.ch\/fr\/wp-content\/uploads\/sites\/2\/2020\/08\/Engel-Tofu_Okara-300x200.jpg 300w, https:\/\/www.engel-tofu.ch\/fr\/wp-content\/uploads\/sites\/2\/2020\/08\/Engel-Tofu_Okara-1024x683.jpg 1024w, https:\/\/www.engel-tofu.ch\/fr\/wp-content\/uploads\/sites\/2\/2020\/08\/Engel-Tofu_Okara-768x512.jpg 768w, https:\/\/www.engel-tofu.ch\/fr\/wp-content\/uploads\/sites\/2\/2020\/08\/Engel-Tofu_Okara-1536x1024.jpg 1536w, https:\/\/www.engel-tofu.ch\/fr\/wp-content\/uploads\/sites\/2\/2020\/08\/Engel-Tofu_Okara-2048x1365.jpg 2048w\" sizes=\"auto, (max-width: 2560px) 100vw, 2560px\" \/>\n    <\/div>\n    <div class=\"post-excerpt\">\n      <p>Le terme okara d\u00e9signe les fibres des f\u00e8ves de soja extraites lors de la fabrication du tofu. Dans la cuisine japonaise, l&rsquo;okara est depuis longtemps un ingr\u00e9dient populaire et appr\u00e9ci\u00e9 pour de nombreux plats. En occident \u00e9galement, de plus en plus de gens d\u00e9couvrent les bienfait de cet aliment exceptionellement sain. L&rsquo;okara est une bonne &hellip; <a href=\"https:\/\/www.engel-tofu.ch\/fr\/nouveau-okara\/\" class=\"continued\">Suite<\/a><\/p>\n    <\/div>\n\t    <\/div>\n<\/article>\n<div class=\"pagination\">\n  <div class=\"pagination-prev\">\n    \n  <\/div>\n  <div class=\"pagination-next\">\n    \n  <\/div>\n<\/div>\n\n","protected":false},"excerpt":{"rendered":"","protected":false},"author":2,"featured_media":204,"parent":0,"menu_order":0,"comment_status":"closed","ping_status":"closed","template":"","meta":{"footnotes":""},"class_list":["post-202","page","type-page","status-publish","has-post-thumbnail","hentry"],"yoast_head":"<!-- This site is optimized with the Yoast SEO plugin v25.0 - https:\/\/yoast.com\/wordpress\/plugins\/seo\/ -->\n<title>News &#8211; Engel Tofu Fran\u00e7ais<\/title>\n<meta name=\"robots\" content=\"index, follow, max-snippet:-1, max-image-preview:large, max-video-preview:-1\" \/>\n<link rel=\"canonical\" href=\"https:\/\/www.engel-tofu.ch\/fr\/\" \/>\n<meta property=\"og:locale\" content=\"fr_FR\" \/>\n<meta property=\"og:type\" content=\"article\" \/>\n<meta property=\"og:title\" content=\"News &#8211; Engel Tofu Fran\u00e7ais\" \/>\n<meta property=\"og:url\" content=\"https:\/\/www.engel-tofu.ch\/fr\/\" \/>\n<meta property=\"og:site_name\" content=\"Engel Tofu Fran\u00e7ais\" \/>\n<meta property=\"article:publisher\" content=\"https:\/\/www.facebook.com\/engeltofu\/\" \/>\n<meta property=\"article:modified_time\" content=\"2023-12-19T17:48:10+00:00\" \/>\n<meta property=\"og:image\" content=\"http:\/\/www.engel-tofu.ch\/fr\/wp-content\/uploads\/sites\/2\/2017\/09\/Engel_Tofu_News_Header-1.jpg\" \/>\n\t<meta property=\"og:image:width\" content=\"1800\" \/>\n\t<meta property=\"og:image:height\" content=\"530\" \/>\n\t<meta property=\"og:image:type\" content=\"image\/jpeg\" \/>\n<meta name=\"twitter:card\" content=\"summary_large_image\" \/>\n<meta name=\"twitter:label1\" content=\"Dur\u00e9e de lecture estim\u00e9e\" \/>\n\t<meta name=\"twitter:data1\" content=\"1 minute\" \/>\n<script type=\"application\/ld+json\" class=\"yoast-schema-graph\">{\"@context\":\"https:\/\/schema.org\",\"@graph\":[{\"@type\":\"WebPage\",\"@id\":\"https:\/\/www.engel-tofu.ch\/fr\/\",\"url\":\"https:\/\/www.engel-tofu.ch\/fr\/\",\"name\":\"News &#8211; Engel Tofu Fran\u00e7ais\",\"isPartOf\":{\"@id\":\"https:\/\/www.engel-tofu.ch\/fr\/#website\"},\"primaryImageOfPage\":{\"@id\":\"https:\/\/www.engel-tofu.ch\/fr\/#primaryimage\"},\"image\":{\"@id\":\"https:\/\/www.engel-tofu.ch\/fr\/#primaryimage\"},\"thumbnailUrl\":\"https:\/\/www.engel-tofu.ch\/fr\/wp-content\/uploads\/sites\/2\/2017\/09\/Engel_Tofu_News_Header-1.jpg\",\"datePublished\":\"2017-09-28T08:28:23+00:00\",\"dateModified\":\"2023-12-19T17:48:10+00:00\",\"breadcrumb\":{\"@id\":\"https:\/\/www.engel-tofu.ch\/fr\/#breadcrumb\"},\"inLanguage\":\"fr-FR\",\"potentialAction\":[{\"@type\":\"ReadAction\",\"target\":[\"https:\/\/www.engel-tofu.ch\/fr\/\"]}]},{\"@type\":\"ImageObject\",\"inLanguage\":\"fr-FR\",\"@id\":\"https:\/\/www.engel-tofu.ch\/fr\/#primaryimage\",\"url\":\"https:\/\/www.engel-tofu.ch\/fr\/wp-content\/uploads\/sites\/2\/2017\/09\/Engel_Tofu_News_Header-1.jpg\",\"contentUrl\":\"https:\/\/www.engel-tofu.ch\/fr\/wp-content\/uploads\/sites\/2\/2017\/09\/Engel_Tofu_News_Header-1.jpg\",\"width\":1800,\"height\":530},{\"@type\":\"BreadcrumbList\",\"@id\":\"https:\/\/www.engel-tofu.ch\/fr\/#breadcrumb\",\"itemListElement\":[{\"@type\":\"ListItem\",\"position\":1,\"name\":\"Startseite\",\"item\":\"https:\/\/www.engel-tofu.ch\/fr\/\"},{\"@type\":\"ListItem\",\"position\":2,\"name\":\"News\"}]},{\"@type\":\"WebSite\",\"@id\":\"https:\/\/www.engel-tofu.ch\/fr\/#website\",\"url\":\"https:\/\/www.engel-tofu.ch\/fr\/\",\"name\":\"Engel Tofu\",\"description\":\"\",\"potentialAction\":[{\"@type\":\"SearchAction\",\"target\":{\"@type\":\"EntryPoint\",\"urlTemplate\":\"https:\/\/www.engel-tofu.ch\/fr\/?s={search_term_string}\"},\"query-input\":{\"@type\":\"PropertyValueSpecification\",\"valueRequired\":true,\"valueName\":\"search_term_string\"}}],\"inLanguage\":\"fr-FR\"}]}<\/script>\n<!-- \/ Yoast SEO plugin. -->","yoast_head_json":{"title":"News &#8211; Engel Tofu Fran\u00e7ais","robots":{"index":"index","follow":"follow","max-snippet":"max-snippet:-1","max-image-preview":"max-image-preview:large","max-video-preview":"max-video-preview:-1"},"canonical":"https:\/\/www.engel-tofu.ch\/fr\/","og_locale":"fr_FR","og_type":"article","og_title":"News &#8211; Engel Tofu Fran\u00e7ais","og_url":"https:\/\/www.engel-tofu.ch\/fr\/","og_site_name":"Engel Tofu Fran\u00e7ais","article_publisher":"https:\/\/www.facebook.com\/engeltofu\/","article_modified_time":"2023-12-19T17:48:10+00:00","og_image":[{"width":1800,"height":530,"url":"http:\/\/www.engel-tofu.ch\/fr\/wp-content\/uploads\/sites\/2\/2017\/09\/Engel_Tofu_News_Header-1.jpg","type":"image\/jpeg"}],"twitter_card":"summary_large_image","twitter_misc":{"Dur\u00e9e de lecture estim\u00e9e":"1 minute"},"schema":{"@context":"https:\/\/schema.org","@graph":[{"@type":"WebPage","@id":"https:\/\/www.engel-tofu.ch\/fr\/","url":"https:\/\/www.engel-tofu.ch\/fr\/","name":"News &#8211; Engel Tofu Fran\u00e7ais","isPartOf":{"@id":"https:\/\/www.engel-tofu.ch\/fr\/#website"},"primaryImageOfPage":{"@id":"https:\/\/www.engel-tofu.ch\/fr\/#primaryimage"},"image":{"@id":"https:\/\/www.engel-tofu.ch\/fr\/#primaryimage"},"thumbnailUrl":"https:\/\/www.engel-tofu.ch\/fr\/wp-content\/uploads\/sites\/2\/2017\/09\/Engel_Tofu_News_Header-1.jpg","datePublished":"2017-09-28T08:28:23+00:00","dateModified":"2023-12-19T17:48:10+00:00","breadcrumb":{"@id":"https:\/\/www.engel-tofu.ch\/fr\/#breadcrumb"},"inLanguage":"fr-FR","potentialAction":[{"@type":"ReadAction","target":["https:\/\/www.engel-tofu.ch\/fr\/"]}]},{"@type":"ImageObject","inLanguage":"fr-FR","@id":"https:\/\/www.engel-tofu.ch\/fr\/#primaryimage","url":"https:\/\/www.engel-tofu.ch\/fr\/wp-content\/uploads\/sites\/2\/2017\/09\/Engel_Tofu_News_Header-1.jpg","contentUrl":"https:\/\/www.engel-tofu.ch\/fr\/wp-content\/uploads\/sites\/2\/2017\/09\/Engel_Tofu_News_Header-1.jpg","width":1800,"height":530},{"@type":"BreadcrumbList","@id":"https:\/\/www.engel-tofu.ch\/fr\/#breadcrumb","itemListElement":[{"@type":"ListItem","position":1,"name":"Startseite","item":"https:\/\/www.engel-tofu.ch\/fr\/"},{"@type":"ListItem","position":2,"name":"News"}]},{"@type":"WebSite","@id":"https:\/\/www.engel-tofu.ch\/fr\/#website","url":"https:\/\/www.engel-tofu.ch\/fr\/","name":"Engel Tofu","description":"","potentialAction":[{"@type":"SearchAction","target":{"@type":"EntryPoint","urlTemplate":"https:\/\/www.engel-tofu.ch\/fr\/?s={search_term_string}"},"query-input":{"@type":"PropertyValueSpecification","valueRequired":true,"valueName":"search_term_string"}}],"inLanguage":"fr-FR"}]}},"_links":{"self":[{"href":"https:\/\/www.engel-tofu.ch\/fr\/wp-json\/wp\/v2\/pages\/202","targetHints":{"allow":["GET"]}}],"collection":[{"href":"https:\/\/www.engel-tofu.ch\/fr\/wp-json\/wp\/v2\/pages"}],"about":[{"href":"https:\/\/www.engel-tofu.ch\/fr\/wp-json\/wp\/v2\/types\/page"}],"author":[{"embeddable":true,"href":"https:\/\/www.engel-tofu.ch\/fr\/wp-json\/wp\/v2\/users\/2"}],"replies":[{"embeddable":true,"href":"https:\/\/www.engel-tofu.ch\/fr\/wp-json\/wp\/v2\/comments?post=202"}],"version-history":[{"count":2,"href":"https:\/\/www.engel-tofu.ch\/fr\/wp-json\/wp\/v2\/pages\/202\/revisions"}],"predecessor-version":[{"id":205,"href":"https:\/\/www.engel-tofu.ch\/fr\/wp-json\/wp\/v2\/pages\/202\/revisions\/205"}],"wp:featuredmedia":[{"embeddable":true,"href":"https:\/\/www.engel-tofu.ch\/fr\/wp-json\/wp\/v2\/media\/204"}],"wp:attachment":[{"href":"https:\/\/www.engel-tofu.ch\/fr\/wp-json\/wp\/v2\/media?parent=202"}],"curies":[{"name":"wp","href":"https:\/\/api.w.org\/{rel}","templated":true}]}}